{"id":375,"date":"2022-06-03T10:52:11","date_gmt":"2022-06-03T08:52:11","guid":{"rendered":"https:\/\/cwm.brotsalz.de\/?page_id=375"},"modified":"2023-01-16T12:14:26","modified_gmt":"2023-01-16T11:14:26","slug":"impressum","status":"publish","type":"page","link":"https:\/\/coldwarmuseum.de\/it\/impronta\/","title":{"rendered":"Impronta"},"content":{"rendered":"<div class=\"wp-block-spacer\" style=\"height: 160px;\" aria-hidden=\"true\">\u00a0<\/div>\n\n\n\n<div class=\"wp-block-group groupSpacing\"><div class=\"wp-block-group__inner-container is-layout-flow wp-block-group-is-layout-flow\"><div class=\"wp-bootstrap-blocks-container container-fluid mb-0\">\n\t\n<div class=\"wp-bootstrap-blocks-container container-xl mb-0\">\n\t\n<div class=\"wp-bootstrap-blocks-row row mb-5 pb-5\">\n\t\n\n<div class=\"col-12\">\n\t\t\t\n\n<p class=\"is-style-secIndRed\">MUSEO DELLA GUERRA FREDDA<\/p>\n\n\n\n<h2 class=\"bigClaim has-c-5-color has-text-color wp-block-heading\">Impronta<\/h2>\n\n\n\n<p><strong>Museo della Guerra Fredda CWM GmbH<\/strong><br>Friedrichstra\u00dfe 89<br>10117 Berlino<\/p>\n\n\n\n<p>Mail: info@coldwarmuseum.de<\/p>\n\n\n\n<p>Direzione: Carsten Kollmeier (CEO), Dr. Harald Braun (CFO)<br>Tribunale locale di Charlottenburg (Berlino), HRB 182807 B<\/p>\n\n\n\n<p><strong>Responsabilit\u00e0 per i contenuti<\/strong><\/p>\n\n\n\n<p>I contenuti delle nostre pagine sono stati creati con la massima cura. Tuttavia, non possiamo assumerci alcuna responsabilit\u00e0 per la correttezza, la completezza e l'aggiornamento dei contenuti. In qualit\u00e0 di fornitore di servizi, siamo responsabili dei nostri contenuti su queste pagine in conformit\u00e0 con la legislazione generale, ai sensi dell'Articolo 7 (1) della Legge tedesca sui Telemedia (TMG). Tuttavia, in base ai \u00a7\u00a7 da 8 a 10 della TMG, non siamo obbligati, in qualit\u00e0 di fornitore di servizi, a monitorare le informazioni di terzi trasmesse o memorizzate o a indagare su circostanze che indicano un'attivit\u00e0 illegale. Gli obblighi di rimuovere o bloccare l'uso delle informazioni in conformit\u00e0 con le leggi generali rimangono inalterati. Tuttavia, la responsabilit\u00e0 in questo senso \u00e8 possibile solo a partire dal momento in cui si viene a conoscenza di una concreta violazione della legge. Se veniamo a conoscenza di violazioni corrispondenti, rimuoveremo immediatamente questi contenuti.<\/p>\n\n\n\n<p><strong>Responsabilit\u00e0 per i link<\/strong><\/p>\n\n\n\n<p>La nostra offerta contiene link a siti web esterni di terzi, sui cui contenuti non abbiamo alcuna influenza. Pertanto, non possiamo assumerci alcuna responsabilit\u00e0 per questi contenuti esterni. Il rispettivo fornitore o gestore delle pagine \u00e8 sempre responsabile del contenuto delle pagine collegate. Le pagine collegate sono state controllate per verificare eventuali violazioni legali al momento del collegamento. I contenuti illegali non erano riconoscibili al momento del collegamento. Tuttavia, il monitoraggio permanente del contenuto delle pagine collegate non \u00e8 ragionevole in assenza di indicazioni concrete di una violazione legale. Se veniamo a conoscenza di eventuali violazioni della legge, rimuoveremo immediatamente tali link.<\/p>\n\n\n\n<p><strong>Copyright<\/strong><\/p>\n\n\n\n<p>I contenuti e le opere create dagli operatori del sito in queste pagine sono soggetti alla legge tedesca sul copyright. La duplicazione, l'elaborazione, la distribuzione e qualsiasi tipo di sfruttamento al di fuori dei limiti della legge sul copyright richiedono il consenso scritto del rispettivo autore o creatore. I download e le copie di questo sito sono consentiti solo per uso privato e non commerciale. Nella misura in cui i contenuti di questo sito non sono stati creati dall'operatore, vengono rispettati i diritti d'autore di terzi. In particolare, i contenuti di terzi sono contrassegnati come tali. Se tuttavia dovesse venire a conoscenza di una violazione del copyright, la preghiamo di informarci di conseguenza. Se veniamo a conoscenza di violazioni, rimuoveremo immediatamente tali contenuti.<\/p>\n\n\t<\/div>\n\n<\/div>\n\n<\/div>\n\n<\/div>\n<\/div><\/div>","protected":false},"excerpt":{"rendered":"","protected":false},"author":2,"featured_media":0,"parent":0,"menu_order":3,"comment_status":"closed","ping_status":"closed","template":"","meta":{"inline_featured_image":false,"footnotes":""},"class_list":["post-375","page","type-page","status-publish","hentry"],"yoast_head":"<!-- This site is optimized with the Yoast SEO plugin v21.7 - https:\/\/yoast.com\/wordpress\/plugins\/seo\/ -->\n<title>COLD WAR MUSEUM Berlin - Impressum<\/title>\n<meta name=\"description\" content=\"Erleben Sie diese wichtige historische Epoche endlich im Herzen der Hauptstadt des Kalten Krieges zukunftsweisend als High-Tech-Museum 4.0.\" \/>\n<meta name=\"robots\" content=\"noindex, nofollow\" \/>\n<meta property=\"og:locale\" content=\"it_IT\" \/>\n<meta property=\"og:type\" content=\"article\" \/>\n<meta property=\"og:title\" content=\"COLD WAR MUSEUM Berlin - Impressum\" \/>\n<meta property=\"og:description\" content=\"Erleben Sie diese wichtige historische Epoche endlich im Herzen der Hauptstadt des Kalten Krieges zukunftsweisend als High-Tech-Museum 4.0.\" \/>\n<meta property=\"og:url\" content=\"https:\/\/coldwarmuseum.de\/it\/impronta\/\" \/>\n<meta property=\"og:site_name\" content=\"COLD WAR MUSEUM Berlin\" \/>\n<meta property=\"article:publisher\" content=\"https:\/\/www.facebook.com\/coldwarmuseum\" \/>\n<meta property=\"article:modified_time\" content=\"2023-01-16T11:14:26+00:00\" \/>\n<meta name=\"twitter:card\" content=\"summary_large_image\" \/>\n<meta name=\"twitter:label1\" content=\"Tempo di lettura stimato\" \/>\n\t<meta name=\"twitter:data1\" content=\"2 minuti\" \/>\n<script type=\"application\/ld+json\" class=\"yoast-schema-graph\">{\"@context\":\"https:\/\/schema.org\",\"@graph\":[{\"@type\":\"WebPage\",\"@id\":\"https:\/\/coldwarmuseum.de\/impressum\/\",\"url\":\"https:\/\/coldwarmuseum.de\/impressum\/\",\"name\":\"COLD WAR MUSEUM Berlin - Impressum\",\"isPartOf\":{\"@id\":\"https:\/\/coldwarmuseum.de\/#website\"},\"datePublished\":\"2022-06-03T08:52:11+00:00\",\"dateModified\":\"2023-01-16T11:14:26+00:00\",\"description\":\"Erleben Sie diese wichtige historische Epoche endlich im Herzen der Hauptstadt des Kalten Krieges zukunftsweisend als High-Tech-Museum 4.0.\",\"breadcrumb\":{\"@id\":\"https:\/\/coldwarmuseum.de\/impressum\/#breadcrumb\"},\"inLanguage\":\"it-IT\",\"potentialAction\":[{\"@type\":\"ReadAction\",\"target\":[\"https:\/\/coldwarmuseum.de\/impressum\/\"]}]},{\"@type\":\"BreadcrumbList\",\"@id\":\"https:\/\/coldwarmuseum.de\/impressum\/#breadcrumb\",\"itemListElement\":[{\"@type\":\"ListItem\",\"position\":1,\"name\":\"Startseite\",\"item\":\"https:\/\/coldwarmuseum.de\/\"},{\"@type\":\"ListItem\",\"position\":2,\"name\":\"Impressum\"}]},{\"@type\":\"WebSite\",\"@id\":\"https:\/\/coldwarmuseum.de\/#website\",\"url\":\"https:\/\/coldwarmuseum.de\/\",\"name\":\"COLD WAR MUSEUM Berlin\",\"description\":\"EXPERIENCE TWO SIDES OF THE SAME STORY.\",\"publisher\":{\"@id\":\"https:\/\/coldwarmuseum.de\/#organization\"},\"potentialAction\":[{\"@type\":\"SearchAction\",\"target\":{\"@type\":\"EntryPoint\",\"urlTemplate\":\"https:\/\/coldwarmuseum.de\/?s={search_term_string}\"},\"query-input\":\"required name=search_term_string\"}],\"inLanguage\":\"it-IT\"},{\"@type\":\"Organization\",\"@id\":\"https:\/\/coldwarmuseum.de\/#organization\",\"name\":\"COLD WAR MUSEUM\",\"url\":\"https:\/\/coldwarmuseum.de\/\",\"logo\":{\"@type\":\"ImageObject\",\"inLanguage\":\"it-IT\",\"@id\":\"https:\/\/coldwarmuseum.de\/#\/schema\/logo\/image\/\",\"url\":\"https:\/\/coldwarmuseum.de\/wp-content\/uploads\/ctmLogoDark.svg\",\"contentUrl\":\"https:\/\/coldwarmuseum.de\/wp-content\/uploads\/ctmLogoDark.svg\",\"width\":167,\"height\":63,\"caption\":\"COLD WAR MUSEUM\"},\"image\":{\"@id\":\"https:\/\/coldwarmuseum.de\/#\/schema\/logo\/image\/\"},\"sameAs\":[\"https:\/\/www.facebook.com\/coldwarmuseum\"]}]}<\/script>\n<!-- \/ Yoast SEO plugin. -->","yoast_head_json":{"title":"COLD WAR MUSEUM Berlin - Impressum","description":"Erleben Sie diese wichtige historische Epoche endlich im Herzen der Hauptstadt des Kalten Krieges zukunftsweisend als High-Tech-Museum 4.0.","robots":{"index":"noindex","follow":"nofollow"},"og_locale":"it_IT","og_type":"article","og_title":"COLD WAR MUSEUM Berlin - Impressum","og_description":"Erleben Sie diese wichtige historische Epoche endlich im Herzen der Hauptstadt des Kalten Krieges zukunftsweisend als High-Tech-Museum 4.0.","og_url":"https:\/\/coldwarmuseum.de\/it\/impronta\/","og_site_name":"COLD WAR MUSEUM Berlin","article_publisher":"https:\/\/www.facebook.com\/coldwarmuseum","article_modified_time":"2023-01-16T11:14:26+00:00","twitter_card":"summary_large_image","twitter_misc":{"Tempo di lettura stimato":"2 minuti"},"schema":{"@context":"https:\/\/schema.org","@graph":[{"@type":"WebPage","@id":"https:\/\/coldwarmuseum.de\/impressum\/","url":"https:\/\/coldwarmuseum.de\/impressum\/","name":"COLD WAR MUSEUM Berlin - Impressum","isPartOf":{"@id":"https:\/\/coldwarmuseum.de\/#website"},"datePublished":"2022-06-03T08:52:11+00:00","dateModified":"2023-01-16T11:14:26+00:00","description":"Erleben Sie diese wichtige historische Epoche endlich im Herzen der Hauptstadt des Kalten Krieges zukunftsweisend als High-Tech-Museum 4.0.","breadcrumb":{"@id":"https:\/\/coldwarmuseum.de\/impressum\/#breadcrumb"},"inLanguage":"it-IT","potentialAction":[{"@type":"ReadAction","target":["https:\/\/coldwarmuseum.de\/impressum\/"]}]},{"@type":"BreadcrumbList","@id":"https:\/\/coldwarmuseum.de\/impressum\/#breadcrumb","itemListElement":[{"@type":"ListItem","position":1,"name":"Startseite","item":"https:\/\/coldwarmuseum.de\/"},{"@type":"ListItem","position":2,"name":"Impressum"}]},{"@type":"WebSite","@id":"https:\/\/coldwarmuseum.de\/#website","url":"https:\/\/coldwarmuseum.de\/","name":"COLD WAR MUSEUM Berlin","description":"EXPERIENCE TWO SIDES OF THE SAME STORY.","publisher":{"@id":"https:\/\/coldwarmuseum.de\/#organization"},"potentialAction":[{"@type":"SearchAction","target":{"@type":"EntryPoint","urlTemplate":"https:\/\/coldwarmuseum.de\/?s={search_term_string}"},"query-input":"required name=search_term_string"}],"inLanguage":"it-IT"},{"@type":"Organization","@id":"https:\/\/coldwarmuseum.de\/#organization","name":"COLD WAR MUSEUM","url":"https:\/\/coldwarmuseum.de\/","logo":{"@type":"ImageObject","inLanguage":"it-IT","@id":"https:\/\/coldwarmuseum.de\/#\/schema\/logo\/image\/","url":"https:\/\/coldwarmuseum.de\/wp-content\/uploads\/ctmLogoDark.svg","contentUrl":"https:\/\/coldwarmuseum.de\/wp-content\/uploads\/ctmLogoDark.svg","width":167,"height":63,"caption":"COLD WAR MUSEUM"},"image":{"@id":"https:\/\/coldwarmuseum.de\/#\/schema\/logo\/image\/"},"sameAs":["https:\/\/www.facebook.com\/coldwarmuseum"]}]}},"acf":[],"_links":{"self":[{"href":"https:\/\/coldwarmuseum.de\/it\/wp-json\/wp\/v2\/pages\/375","targetHints":{"allow":["GET"]}}],"collection":[{"href":"https:\/\/coldwarmuseum.de\/it\/wp-json\/wp\/v2\/pages"}],"about":[{"href":"https:\/\/coldwarmuseum.de\/it\/wp-json\/wp\/v2\/types\/page"}],"author":[{"embeddable":true,"href":"https:\/\/coldwarmuseum.de\/it\/wp-json\/wp\/v2\/users\/2"}],"replies":[{"embeddable":true,"href":"https:\/\/coldwarmuseum.de\/it\/wp-json\/wp\/v2\/comments?post=375"}],"version-history":[{"count":12,"href":"https:\/\/coldwarmuseum.de\/it\/wp-json\/wp\/v2\/pages\/375\/revisions"}],"predecessor-version":[{"id":2103,"href":"https:\/\/coldwarmuseum.de\/it\/wp-json\/wp\/v2\/pages\/375\/revisions\/2103"}],"wp:attachment":[{"href":"https:\/\/coldwarmuseum.de\/it\/wp-json\/wp\/v2\/media?parent=375"}],"curies":[{"name":"wp","href":"https:\/\/api.w.org\/{rel}","templated":true}]}}