{"id":375,"date":"2022-06-03T10:52:11","date_gmt":"2022-06-03T08:52:11","guid":{"rendered":"https:\/\/cwm.brotsalz.de\/?page_id=375"},"modified":"2023-01-16T12:14:26","modified_gmt":"2023-01-16T11:14:26","slug":"impressum","status":"publish","type":"page","link":"https:\/\/coldwarmuseum.de\/es\/imprimir\/","title":{"rendered":"Pie de imprenta"},"content":{"rendered":"<div class=\"wp-block-spacer\" style=\"height: 160px;\" aria-hidden=\"true\">\u00a0<\/div>\n\n\n\n<div class=\"wp-block-group groupSpacing\"><div class=\"wp-block-group__inner-container is-layout-flow wp-block-group-is-layout-flow\"><div class=\"wp-bootstrap-blocks-container container-fluid mb-0\">\n\t\n<div class=\"wp-bootstrap-blocks-container container-xl mb-0\">\n\t\n<div class=\"wp-bootstrap-blocks-row row mb-5 pb-5\">\n\t\n\n<div class=\"col-12\">\n\t\t\t\n\n<p class=\"is-style-secIndRed\">MUSEO DE LA GUERRA FR\u00cdA<\/p>\n\n\n\n<h2 class=\"bigClaim has-c-5-color has-text-color wp-block-heading\">Pie de imprenta<\/h2>\n\n\n\n<p><strong>CWM Museo de la GUERRA FR\u00cdA GmbH<\/strong><br>Friedrichstra\u00dfe 89<br>10117 Berl\u00edn<\/p>\n\n\n\n<p>Correo electr\u00f3nico: info@coldwarmuseum.de<\/p>\n\n\n\n<p>Direcci\u00f3n: Carsten Kollmeier (CEO), Dr Harald Braun (CFO)<br>Juzgado Local de Charlottenburg (Berl\u00edn), HRB 182807 B<\/p>\n\n\n\n<p><strong>Responsabilidad por el contenido<\/strong><\/p>\n\n\n\n<p>Los contenidos de nuestras p\u00e1ginas se han creado con el m\u00e1ximo cuidado. Sin embargo, no podemos asumir ninguna responsabilidad por la exactitud, integridad y actualidad de los contenidos. Como proveedor de servicios, somos responsables de nuestros propios contenidos en estas p\u00e1ginas de acuerdo con la legislaci\u00f3n general seg\u00fan el \u00a7\u00a7 7 (1) de la Ley alemana de Telemedios (TMG). Sin embargo, seg\u00fan los \u00a7\u00a7 8 a 10 de la TMG, como proveedor de servicios no estamos obligados a supervisar la informaci\u00f3n de terceros transmitida o almacenada ni a investigar circunstancias que indiquen una actividad ilegal. Esto no afecta a las obligaciones de eliminar o bloquear el uso de la informaci\u00f3n de acuerdo con las leyes generales. Sin embargo, la responsabilidad a este respecto s\u00f3lo es posible a partir del momento en que se tiene conocimiento de una infracci\u00f3n concreta de la ley. Si tenemos conocimiento de infracciones correspondientes, eliminaremos este contenido inmediatamente.<\/p>\n\n\n\n<p><strong>Responsabilidad de los enlaces<\/strong><\/p>\n\n\n\n<p>Nuestra oferta contiene enlaces a p\u00e1ginas web externas de terceros, sobre cuyos contenidos no tenemos ninguna influencia. Por lo tanto, no podemos asumir ninguna responsabilidad por estos contenidos externos. El respectivo proveedor u operador de las p\u00e1ginas es siempre responsable del contenido de las p\u00e1ginas enlazadas. Las p\u00e1ginas enlazadas se comprobaron en el momento de enlazarlas para detectar posibles infracciones legales. Los contenidos ilegales no eran reconocibles en el momento de establecer el enlace. Sin embargo, no es razonable un control permanente del contenido de las p\u00e1ginas enlazadas sin indicios concretos de una infracci\u00f3n legal. Si tenemos conocimiento de alguna infracci\u00f3n de la ley, eliminaremos dichos enlaces inmediatamente.<\/p>\n\n\n\n<p><strong>Derechos de autor<\/strong><\/p>\n\n\n\n<p>El contenido y las obras creadas por los operadores del sitio en estas p\u00e1ginas est\u00e1n sujetos a la ley alemana de derechos de autor. La duplicaci\u00f3n, el procesamiento, la distribuci\u00f3n y cualquier tipo de explotaci\u00f3n fuera de los l\u00edmites de la ley de derechos de autor requieren el consentimiento por escrito del autor o creador respectivo. Las descargas y copias de este sitio s\u00f3lo est\u00e1n permitidas para uso privado y no comercial. En la medida en que el contenido de este sitio no haya sido creado por el operador, se respetan los derechos de autor de terceros. En particular, los contenidos de terceros est\u00e1n marcados como tales. Si a pesar de ello tuviera conocimiento de una infracci\u00f3n de los derechos de autor, le rogamos que nos lo comunique. Si tenemos conocimiento de alguna infracci\u00f3n, eliminaremos dicho contenido inmediatamente.<\/p>\n\n\t<\/div>\n\n<\/div>\n\n<\/div>\n\n<\/div>\n<\/div><\/div>","protected":false},"excerpt":{"rendered":"","protected":false},"author":2,"featured_media":0,"parent":0,"menu_order":3,"comment_status":"closed","ping_status":"closed","template":"","meta":{"inline_featured_image":false,"footnotes":""},"class_list":["post-375","page","type-page","status-publish","hentry"],"yoast_head":"<!-- This site is optimized with the Yoast SEO plugin v21.7 - https:\/\/yoast.com\/wordpress\/plugins\/seo\/ -->\n<title>COLD WAR MUSEUM Berlin - Impressum<\/title>\n<meta name=\"description\" content=\"Erleben Sie diese wichtige historische Epoche endlich im Herzen der Hauptstadt des Kalten Krieges zukunftsweisend als High-Tech-Museum 4.0.\" \/>\n<meta name=\"robots\" content=\"noindex, nofollow\" \/>\n<meta property=\"og:locale\" content=\"es_ES\" \/>\n<meta property=\"og:type\" content=\"article\" \/>\n<meta property=\"og:title\" content=\"COLD WAR MUSEUM Berlin - Impressum\" \/>\n<meta property=\"og:description\" content=\"Erleben Sie diese wichtige historische Epoche endlich im Herzen der Hauptstadt des Kalten Krieges zukunftsweisend als High-Tech-Museum 4.0.\" \/>\n<meta property=\"og:url\" content=\"https:\/\/coldwarmuseum.de\/es\/imprimir\/\" \/>\n<meta property=\"og:site_name\" content=\"COLD WAR MUSEUM Berlin\" \/>\n<meta property=\"article:publisher\" content=\"https:\/\/www.facebook.com\/coldwarmuseum\" \/>\n<meta property=\"article:modified_time\" content=\"2023-01-16T11:14:26+00:00\" \/>\n<meta name=\"twitter:card\" content=\"summary_large_image\" \/>\n<meta name=\"twitter:label1\" content=\"Tiempo de lectura\" \/>\n\t<meta name=\"twitter:data1\" content=\"2 minutos\" \/>\n<script type=\"application\/ld+json\" class=\"yoast-schema-graph\">{\"@context\":\"https:\/\/schema.org\",\"@graph\":[{\"@type\":\"WebPage\",\"@id\":\"https:\/\/coldwarmuseum.de\/impressum\/\",\"url\":\"https:\/\/coldwarmuseum.de\/impressum\/\",\"name\":\"COLD WAR MUSEUM Berlin - Impressum\",\"isPartOf\":{\"@id\":\"https:\/\/coldwarmuseum.de\/#website\"},\"datePublished\":\"2022-06-03T08:52:11+00:00\",\"dateModified\":\"2023-01-16T11:14:26+00:00\",\"description\":\"Erleben Sie diese wichtige historische Epoche endlich im Herzen der Hauptstadt des Kalten Krieges zukunftsweisend als High-Tech-Museum 4.0.\",\"breadcrumb\":{\"@id\":\"https:\/\/coldwarmuseum.de\/impressum\/#breadcrumb\"},\"inLanguage\":\"es\",\"potentialAction\":[{\"@type\":\"ReadAction\",\"target\":[\"https:\/\/coldwarmuseum.de\/impressum\/\"]}]},{\"@type\":\"BreadcrumbList\",\"@id\":\"https:\/\/coldwarmuseum.de\/impressum\/#breadcrumb\",\"itemListElement\":[{\"@type\":\"ListItem\",\"position\":1,\"name\":\"Startseite\",\"item\":\"https:\/\/coldwarmuseum.de\/\"},{\"@type\":\"ListItem\",\"position\":2,\"name\":\"Impressum\"}]},{\"@type\":\"WebSite\",\"@id\":\"https:\/\/coldwarmuseum.de\/#website\",\"url\":\"https:\/\/coldwarmuseum.de\/\",\"name\":\"COLD WAR MUSEUM Berlin\",\"description\":\"EXPERIENCE TWO SIDES OF THE SAME STORY.\",\"publisher\":{\"@id\":\"https:\/\/coldwarmuseum.de\/#organization\"},\"potentialAction\":[{\"@type\":\"SearchAction\",\"target\":{\"@type\":\"EntryPoint\",\"urlTemplate\":\"https:\/\/coldwarmuseum.de\/?s={search_term_string}\"},\"query-input\":\"required name=search_term_string\"}],\"inLanguage\":\"es\"},{\"@type\":\"Organization\",\"@id\":\"https:\/\/coldwarmuseum.de\/#organization\",\"name\":\"COLD WAR MUSEUM\",\"url\":\"https:\/\/coldwarmuseum.de\/\",\"logo\":{\"@type\":\"ImageObject\",\"inLanguage\":\"es\",\"@id\":\"https:\/\/coldwarmuseum.de\/#\/schema\/logo\/image\/\",\"url\":\"https:\/\/coldwarmuseum.de\/wp-content\/uploads\/ctmLogoDark.svg\",\"contentUrl\":\"https:\/\/coldwarmuseum.de\/wp-content\/uploads\/ctmLogoDark.svg\",\"width\":167,\"height\":63,\"caption\":\"COLD WAR MUSEUM\"},\"image\":{\"@id\":\"https:\/\/coldwarmuseum.de\/#\/schema\/logo\/image\/\"},\"sameAs\":[\"https:\/\/www.facebook.com\/coldwarmuseum\"]}]}<\/script>\n<!-- \/ Yoast SEO plugin. -->","yoast_head_json":{"title":"COLD WAR MUSEUM Berlin - Impressum","description":"Erleben Sie diese wichtige historische Epoche endlich im Herzen der Hauptstadt des Kalten Krieges zukunftsweisend als High-Tech-Museum 4.0.","robots":{"index":"noindex","follow":"nofollow"},"og_locale":"es_ES","og_type":"article","og_title":"COLD WAR MUSEUM Berlin - Impressum","og_description":"Erleben Sie diese wichtige historische Epoche endlich im Herzen der Hauptstadt des Kalten Krieges zukunftsweisend als High-Tech-Museum 4.0.","og_url":"https:\/\/coldwarmuseum.de\/es\/imprimir\/","og_site_name":"COLD WAR MUSEUM Berlin","article_publisher":"https:\/\/www.facebook.com\/coldwarmuseum","article_modified_time":"2023-01-16T11:14:26+00:00","twitter_card":"summary_large_image","twitter_misc":{"Tiempo de lectura":"2 minutos"},"schema":{"@context":"https:\/\/schema.org","@graph":[{"@type":"WebPage","@id":"https:\/\/coldwarmuseum.de\/impressum\/","url":"https:\/\/coldwarmuseum.de\/impressum\/","name":"COLD WAR MUSEUM Berlin - Impressum","isPartOf":{"@id":"https:\/\/coldwarmuseum.de\/#website"},"datePublished":"2022-06-03T08:52:11+00:00","dateModified":"2023-01-16T11:14:26+00:00","description":"Erleben Sie diese wichtige historische Epoche endlich im Herzen der Hauptstadt des Kalten Krieges zukunftsweisend als High-Tech-Museum 4.0.","breadcrumb":{"@id":"https:\/\/coldwarmuseum.de\/impressum\/#breadcrumb"},"inLanguage":"es","potentialAction":[{"@type":"ReadAction","target":["https:\/\/coldwarmuseum.de\/impressum\/"]}]},{"@type":"BreadcrumbList","@id":"https:\/\/coldwarmuseum.de\/impressum\/#breadcrumb","itemListElement":[{"@type":"ListItem","position":1,"name":"Startseite","item":"https:\/\/coldwarmuseum.de\/"},{"@type":"ListItem","position":2,"name":"Impressum"}]},{"@type":"WebSite","@id":"https:\/\/coldwarmuseum.de\/#website","url":"https:\/\/coldwarmuseum.de\/","name":"COLD WAR MUSEUM Berlin","description":"EXPERIENCE TWO SIDES OF THE SAME STORY.","publisher":{"@id":"https:\/\/coldwarmuseum.de\/#organization"},"potentialAction":[{"@type":"SearchAction","target":{"@type":"EntryPoint","urlTemplate":"https:\/\/coldwarmuseum.de\/?s={search_term_string}"},"query-input":"required name=search_term_string"}],"inLanguage":"es"},{"@type":"Organization","@id":"https:\/\/coldwarmuseum.de\/#organization","name":"COLD WAR MUSEUM","url":"https:\/\/coldwarmuseum.de\/","logo":{"@type":"ImageObject","inLanguage":"es","@id":"https:\/\/coldwarmuseum.de\/#\/schema\/logo\/image\/","url":"https:\/\/coldwarmuseum.de\/wp-content\/uploads\/ctmLogoDark.svg","contentUrl":"https:\/\/coldwarmuseum.de\/wp-content\/uploads\/ctmLogoDark.svg","width":167,"height":63,"caption":"COLD WAR MUSEUM"},"image":{"@id":"https:\/\/coldwarmuseum.de\/#\/schema\/logo\/image\/"},"sameAs":["https:\/\/www.facebook.com\/coldwarmuseum"]}]}},"acf":[],"_links":{"self":[{"href":"https:\/\/coldwarmuseum.de\/es\/wp-json\/wp\/v2\/pages\/375","targetHints":{"allow":["GET"]}}],"collection":[{"href":"https:\/\/coldwarmuseum.de\/es\/wp-json\/wp\/v2\/pages"}],"about":[{"href":"https:\/\/coldwarmuseum.de\/es\/wp-json\/wp\/v2\/types\/page"}],"author":[{"embeddable":true,"href":"https:\/\/coldwarmuseum.de\/es\/wp-json\/wp\/v2\/users\/2"}],"replies":[{"embeddable":true,"href":"https:\/\/coldwarmuseum.de\/es\/wp-json\/wp\/v2\/comments?post=375"}],"version-history":[{"count":12,"href":"https:\/\/coldwarmuseum.de\/es\/wp-json\/wp\/v2\/pages\/375\/revisions"}],"predecessor-version":[{"id":2103,"href":"https:\/\/coldwarmuseum.de\/es\/wp-json\/wp\/v2\/pages\/375\/revisions\/2103"}],"wp:attachment":[{"href":"https:\/\/coldwarmuseum.de\/es\/wp-json\/wp\/v2\/media?parent=375"}],"curies":[{"name":"wp","href":"https:\/\/api.w.org\/{rel}","templated":true}]}}